{"id":2364,"date":"2024-04-08T15:25:05","date_gmt":"2024-04-08T13:25:05","guid":{"rendered":"https:\/\/lucient.com\/de\/?page_id=2364"},"modified":"2025-11-25T16:49:51","modified_gmt":"2025-11-25T14:49:51","slug":"whats-new-in-sql-server-for-you","status":"publish","type":"page","link":"https:\/\/lucient.com\/de\/whats-new-in-sql-server-for-you\/","title":{"rendered":"What&#8217;s New in SQL Server FOR YOU"},"content":{"rendered":"","protected":false},"excerpt":{"rendered":"","protected":false},"author":33,"featured_media":2624,"parent":0,"menu_order":0,"comment_status":"closed","ping_status":"closed","template":"","meta":{"_acf_changed":true,"footnotes":""},"class_list":["post-2364","page","type-page","status-publish","has-post-thumbnail","hentry"],"acf":[],"yoast_head":"<!-- This site is optimized with the Yoast SEO plugin v27.4 - https:\/\/yoast.com\/product\/yoast-seo-wordpress\/ -->\n<title>What&#039;s New in SQL Server FOR YOU - Lucient - Central Europe<\/title>\n<meta name=\"description\" content=\"Wir finden gemeinsam mit Ihnen die Ans\u00e4tze, wie Sie neue SQL Server Features von 2017 \u00fcber 2019 bis 2022 individuell optimal nutzen k\u00f6nnen.\" \/>\n<meta name=\"robots\" content=\"index, follow, max-snippet:-1, max-image-preview:large, max-video-preview:-1\" \/>\n<link rel=\"canonical\" href=\"https:\/\/lucient.com\/de\/whats-new-in-sql-server-for-you\/\" \/>\n<meta property=\"og:locale\" content=\"de_DE\" \/>\n<meta property=\"og:type\" content=\"article\" \/>\n<meta property=\"og:title\" content=\"What&#039;s New in SQL Server FOR YOU - Lucient - Central Europe\" \/>\n<meta property=\"og:description\" content=\"Wir finden gemeinsam mit Ihnen die Ans\u00e4tze, wie Sie neue SQL Server Features von 2017 \u00fcber 2019 bis 2022 individuell optimal nutzen k\u00f6nnen.\" \/>\n<meta property=\"og:url\" content=\"https:\/\/lucient.com\/de\/whats-new-in-sql-server-for-you\/\" \/>\n<meta property=\"og:site_name\" content=\"Lucient - Central Europe\" \/>\n<meta property=\"article:publisher\" content=\"https:\/\/www.facebook.com\/LucientData\" \/>\n<meta property=\"article:modified_time\" content=\"2025-11-25T14:49:51+00:00\" \/>\n<meta property=\"og:image\" content=\"https:\/\/lucient.com\/de\/wp-content\/uploads\/sites\/5\/2025\/11\/Whats-New.png\" \/>\n\t<meta property=\"og:image:width\" content=\"1600\" \/>\n\t<meta property=\"og:image:height\" content=\"900\" \/>\n\t<meta property=\"og:image:type\" content=\"image\/png\" \/>\n<meta name=\"twitter:card\" content=\"summary_large_image\" \/>\n<meta name=\"twitter:site\" content=\"@lucient_data\" \/>\n<meta name=\"twitter:label1\" content=\"Gesch\u00e4tzte Lesezeit\" \/>\n\t<meta name=\"twitter:data1\" content=\"3\u00a0Minuten\" \/>\n<script type=\"application\/ld+json\" class=\"yoast-schema-graph\">{\"@context\":\"https:\\\/\\\/schema.org\",\"@graph\":[{\"@type\":\"WebPage\",\"@id\":\"https:\\\/\\\/lucient.com\\\/de\\\/whats-new-in-sql-server-for-you\\\/\",\"url\":\"https:\\\/\\\/lucient.com\\\/de\\\/whats-new-in-sql-server-for-you\\\/\",\"name\":\"What's New in SQL Server FOR YOU - Lucient - Central Europe\",\"isPartOf\":{\"@id\":\"https:\\\/\\\/lucient.com\\\/de\\\/#website\"},\"primaryImageOfPage\":{\"@id\":\"https:\\\/\\\/lucient.com\\\/de\\\/whats-new-in-sql-server-for-you\\\/#primaryimage\"},\"image\":{\"@id\":\"https:\\\/\\\/lucient.com\\\/de\\\/whats-new-in-sql-server-for-you\\\/#primaryimage\"},\"thumbnailUrl\":\"https:\\\/\\\/lucient.com\\\/de\\\/wp-content\\\/uploads\\\/sites\\\/5\\\/2025\\\/11\\\/Whats-New.png\",\"datePublished\":\"2024-04-08T13:25:05+00:00\",\"dateModified\":\"2025-11-25T14:49:51+00:00\",\"description\":\"Wir finden gemeinsam mit Ihnen die Ans\u00e4tze, wie Sie neue SQL Server Features von 2017 \u00fcber 2019 bis 2022 individuell optimal nutzen k\u00f6nnen.\",\"breadcrumb\":{\"@id\":\"https:\\\/\\\/lucient.com\\\/de\\\/whats-new-in-sql-server-for-you\\\/#breadcrumb\"},\"inLanguage\":\"de\",\"potentialAction\":[{\"@type\":\"ReadAction\",\"target\":[\"https:\\\/\\\/lucient.com\\\/de\\\/whats-new-in-sql-server-for-you\\\/\"]}]},{\"@type\":\"ImageObject\",\"inLanguage\":\"de\",\"@id\":\"https:\\\/\\\/lucient.com\\\/de\\\/whats-new-in-sql-server-for-you\\\/#primaryimage\",\"url\":\"https:\\\/\\\/lucient.com\\\/de\\\/wp-content\\\/uploads\\\/sites\\\/5\\\/2025\\\/11\\\/Whats-New.png\",\"contentUrl\":\"https:\\\/\\\/lucient.com\\\/de\\\/wp-content\\\/uploads\\\/sites\\\/5\\\/2025\\\/11\\\/Whats-New.png\",\"width\":1600,\"height\":900},{\"@type\":\"BreadcrumbList\",\"@id\":\"https:\\\/\\\/lucient.com\\\/de\\\/whats-new-in-sql-server-for-you\\\/#breadcrumb\",\"itemListElement\":[{\"@type\":\"ListItem\",\"position\":1,\"name\":\"Home\",\"item\":\"https:\\\/\\\/lucient.com\\\/de\\\/\"},{\"@type\":\"ListItem\",\"position\":2,\"name\":\"What&#8217;s New in SQL Server FOR YOU\"}]},{\"@type\":\"WebSite\",\"@id\":\"https:\\\/\\\/lucient.com\\\/de\\\/#website\",\"url\":\"https:\\\/\\\/lucient.com\\\/de\\\/\",\"name\":\"Lucient - Central Europe\",\"description\":\"Weltweit f\u00fchrende Experten f\u00fcr Data Intelligence\",\"potentialAction\":[{\"@type\":\"SearchAction\",\"target\":{\"@type\":\"EntryPoint\",\"urlTemplate\":\"https:\\\/\\\/lucient.com\\\/de\\\/?s={search_term_string}\"},\"query-input\":{\"@type\":\"PropertyValueSpecification\",\"valueRequired\":true,\"valueName\":\"search_term_string\"}}],\"inLanguage\":\"de\"}]}<\/script>\n<!-- \/ Yoast SEO plugin. -->","yoast_head_json":{"title":"What's New in SQL Server FOR YOU - Lucient - Central Europe","description":"Wir finden gemeinsam mit Ihnen die Ans\u00e4tze, wie Sie neue SQL Server Features von 2017 \u00fcber 2019 bis 2022 individuell optimal nutzen k\u00f6nnen.","robots":{"index":"index","follow":"follow","max-snippet":"max-snippet:-1","max-image-preview":"max-image-preview:large","max-video-preview":"max-video-preview:-1"},"canonical":"https:\/\/lucient.com\/de\/whats-new-in-sql-server-for-you\/","og_locale":"de_DE","og_type":"article","og_title":"What's New in SQL Server FOR YOU - Lucient - Central Europe","og_description":"Wir finden gemeinsam mit Ihnen die Ans\u00e4tze, wie Sie neue SQL Server Features von 2017 \u00fcber 2019 bis 2022 individuell optimal nutzen k\u00f6nnen.","og_url":"https:\/\/lucient.com\/de\/whats-new-in-sql-server-for-you\/","og_site_name":"Lucient - Central Europe","article_publisher":"https:\/\/www.facebook.com\/LucientData","article_modified_time":"2025-11-25T14:49:51+00:00","og_image":[{"width":1600,"height":900,"url":"https:\/\/lucient.com\/de\/wp-content\/uploads\/sites\/5\/2025\/11\/Whats-New.png","type":"image\/png"}],"twitter_card":"summary_large_image","twitter_site":"@lucient_data","twitter_misc":{"Gesch\u00e4tzte Lesezeit":"3\u00a0Minuten"},"schema":{"@context":"https:\/\/schema.org","@graph":[{"@type":"WebPage","@id":"https:\/\/lucient.com\/de\/whats-new-in-sql-server-for-you\/","url":"https:\/\/lucient.com\/de\/whats-new-in-sql-server-for-you\/","name":"What's New in SQL Server FOR YOU - Lucient - Central Europe","isPartOf":{"@id":"https:\/\/lucient.com\/de\/#website"},"primaryImageOfPage":{"@id":"https:\/\/lucient.com\/de\/whats-new-in-sql-server-for-you\/#primaryimage"},"image":{"@id":"https:\/\/lucient.com\/de\/whats-new-in-sql-server-for-you\/#primaryimage"},"thumbnailUrl":"https:\/\/lucient.com\/de\/wp-content\/uploads\/sites\/5\/2025\/11\/Whats-New.png","datePublished":"2024-04-08T13:25:05+00:00","dateModified":"2025-11-25T14:49:51+00:00","description":"Wir finden gemeinsam mit Ihnen die Ans\u00e4tze, wie Sie neue SQL Server Features von 2017 \u00fcber 2019 bis 2022 individuell optimal nutzen k\u00f6nnen.","breadcrumb":{"@id":"https:\/\/lucient.com\/de\/whats-new-in-sql-server-for-you\/#breadcrumb"},"inLanguage":"de","potentialAction":[{"@type":"ReadAction","target":["https:\/\/lucient.com\/de\/whats-new-in-sql-server-for-you\/"]}]},{"@type":"ImageObject","inLanguage":"de","@id":"https:\/\/lucient.com\/de\/whats-new-in-sql-server-for-you\/#primaryimage","url":"https:\/\/lucient.com\/de\/wp-content\/uploads\/sites\/5\/2025\/11\/Whats-New.png","contentUrl":"https:\/\/lucient.com\/de\/wp-content\/uploads\/sites\/5\/2025\/11\/Whats-New.png","width":1600,"height":900},{"@type":"BreadcrumbList","@id":"https:\/\/lucient.com\/de\/whats-new-in-sql-server-for-you\/#breadcrumb","itemListElement":[{"@type":"ListItem","position":1,"name":"Home","item":"https:\/\/lucient.com\/de\/"},{"@type":"ListItem","position":2,"name":"What&#8217;s New in SQL Server FOR YOU"}]},{"@type":"WebSite","@id":"https:\/\/lucient.com\/de\/#website","url":"https:\/\/lucient.com\/de\/","name":"Lucient - Central Europe","description":"Weltweit f\u00fchrende Experten f\u00fcr Data Intelligence","potentialAction":[{"@type":"SearchAction","target":{"@type":"EntryPoint","urlTemplate":"https:\/\/lucient.com\/de\/?s={search_term_string}"},"query-input":{"@type":"PropertyValueSpecification","valueRequired":true,"valueName":"search_term_string"}}],"inLanguage":"de"}]}},"_links":{"self":[{"href":"https:\/\/lucient.com\/de\/wp-json\/wp\/v2\/pages\/2364","targetHints":{"allow":["GET"]}}],"collection":[{"href":"https:\/\/lucient.com\/de\/wp-json\/wp\/v2\/pages"}],"about":[{"href":"https:\/\/lucient.com\/de\/wp-json\/wp\/v2\/types\/page"}],"author":[{"embeddable":true,"href":"https:\/\/lucient.com\/de\/wp-json\/wp\/v2\/users\/33"}],"replies":[{"embeddable":true,"href":"https:\/\/lucient.com\/de\/wp-json\/wp\/v2\/comments?post=2364"}],"version-history":[{"count":0,"href":"https:\/\/lucient.com\/de\/wp-json\/wp\/v2\/pages\/2364\/revisions"}],"wp:featuredmedia":[{"embeddable":true,"href":"https:\/\/lucient.com\/de\/wp-json\/wp\/v2\/media\/2624"}],"wp:attachment":[{"href":"https:\/\/lucient.com\/de\/wp-json\/wp\/v2\/media?parent=2364"}],"curies":[{"name":"wp","href":"https:\/\/api.w.org\/{rel}","templated":true}]}}