{"id":1564,"date":"2021-01-19T13:34:41","date_gmt":"2021-01-19T11:34:41","guid":{"rendered":"https:\/\/lucient.com\/de\/?page_id=1564"},"modified":"2022-12-15T17:08:25","modified_gmt":"2022-12-15T15:08:25","slug":"power-bi-praxis-workshop","status":"publish","type":"page","link":"https:\/\/lucient.com\/de\/data-analytics-business-intelligenz\/power-bi-praxis-workshop\/","title":{"rendered":"Power BI Praxis Workshop"},"content":{"rendered":"","protected":false},"excerpt":{"rendered":"","protected":false},"author":33,"featured_media":2132,"parent":129,"menu_order":0,"comment_status":"closed","ping_status":"closed","template":"","meta":{"_acf_changed":false,"footnotes":""},"class_list":["post-1564","page","type-page","status-publish","has-post-thumbnail","hentry"],"acf":[],"yoast_head":"<!-- This site is optimized with the Yoast SEO plugin v27.4 - https:\/\/yoast.com\/product\/yoast-seo-wordpress\/ -->\n<title>Power BI Praxis Workshop - Self Service BI \u2013 Flexibilit\u00e4t unter Kontrolle<\/title>\n<meta name=\"description\" content=\"Hier ein \u00dcberblick \u00fcber unsere Leistungen, innerhalb eines Power-BI-Projekts, die Sie einzeln oder im Paket abrufen k\u00f6nnen.\" \/>\n<meta name=\"robots\" content=\"index, follow, max-snippet:-1, max-image-preview:large, max-video-preview:-1\" \/>\n<link rel=\"canonical\" href=\"https:\/\/lucient.com\/de\/data-analytics-business-intelligenz\/power-bi-praxis-workshop\/\" \/>\n<meta property=\"og:locale\" content=\"de_DE\" \/>\n<meta property=\"og:type\" content=\"article\" \/>\n<meta property=\"og:title\" content=\"Power BI Praxis Workshop - Self Service BI \u2013 Flexibilit\u00e4t unter Kontrolle\" \/>\n<meta property=\"og:description\" content=\"Hier ein \u00dcberblick \u00fcber unsere Leistungen, innerhalb eines Power-BI-Projekts, die Sie einzeln oder im Paket abrufen k\u00f6nnen.\" \/>\n<meta property=\"og:url\" content=\"https:\/\/lucient.com\/de\/data-analytics-business-intelligenz\/power-bi-praxis-workshop\/\" \/>\n<meta property=\"og:site_name\" content=\"Lucient - Central Europe\" \/>\n<meta property=\"article:publisher\" content=\"https:\/\/www.facebook.com\/LucientData\" \/>\n<meta property=\"article:modified_time\" content=\"2022-12-15T15:08:25+00:00\" \/>\n<meta property=\"og:image\" content=\"https:\/\/lucient.com\/de\/wp-content\/uploads\/sites\/5\/2022\/12\/Power-BI-Praxis-Workshop.jpg\" \/>\n\t<meta property=\"og:image:width\" content=\"1600\" \/>\n\t<meta property=\"og:image:height\" content=\"900\" \/>\n\t<meta property=\"og:image:type\" content=\"image\/jpeg\" \/>\n<meta name=\"twitter:card\" content=\"summary_large_image\" \/>\n<meta name=\"twitter:site\" content=\"@lucient_data\" \/>\n<script type=\"application\/ld+json\" class=\"yoast-schema-graph\">{\"@context\":\"https:\\\/\\\/schema.org\",\"@graph\":[{\"@type\":\"WebPage\",\"@id\":\"https:\\\/\\\/lucient.com\\\/de\\\/data-analytics-business-intelligenz\\\/power-bi-praxis-workshop\\\/\",\"url\":\"https:\\\/\\\/lucient.com\\\/de\\\/data-analytics-business-intelligenz\\\/power-bi-praxis-workshop\\\/\",\"name\":\"Power BI Praxis Workshop - Self Service BI \u2013 Flexibilit\u00e4t unter Kontrolle\",\"isPartOf\":{\"@id\":\"https:\\\/\\\/lucient.com\\\/de\\\/#website\"},\"primaryImageOfPage\":{\"@id\":\"https:\\\/\\\/lucient.com\\\/de\\\/data-analytics-business-intelligenz\\\/power-bi-praxis-workshop\\\/#primaryimage\"},\"image\":{\"@id\":\"https:\\\/\\\/lucient.com\\\/de\\\/data-analytics-business-intelligenz\\\/power-bi-praxis-workshop\\\/#primaryimage\"},\"thumbnailUrl\":\"https:\\\/\\\/lucient.com\\\/de\\\/wp-content\\\/uploads\\\/sites\\\/5\\\/2022\\\/12\\\/Power-BI-Praxis-Workshop.jpg\",\"datePublished\":\"2021-01-19T11:34:41+00:00\",\"dateModified\":\"2022-12-15T15:08:25+00:00\",\"description\":\"Hier ein \u00dcberblick \u00fcber unsere Leistungen, innerhalb eines Power-BI-Projekts, die Sie einzeln oder im Paket abrufen k\u00f6nnen.\",\"breadcrumb\":{\"@id\":\"https:\\\/\\\/lucient.com\\\/de\\\/data-analytics-business-intelligenz\\\/power-bi-praxis-workshop\\\/#breadcrumb\"},\"inLanguage\":\"de\",\"potentialAction\":[{\"@type\":\"ReadAction\",\"target\":[\"https:\\\/\\\/lucient.com\\\/de\\\/data-analytics-business-intelligenz\\\/power-bi-praxis-workshop\\\/\"]}]},{\"@type\":\"ImageObject\",\"inLanguage\":\"de\",\"@id\":\"https:\\\/\\\/lucient.com\\\/de\\\/data-analytics-business-intelligenz\\\/power-bi-praxis-workshop\\\/#primaryimage\",\"url\":\"https:\\\/\\\/lucient.com\\\/de\\\/wp-content\\\/uploads\\\/sites\\\/5\\\/2022\\\/12\\\/Power-BI-Praxis-Workshop.jpg\",\"contentUrl\":\"https:\\\/\\\/lucient.com\\\/de\\\/wp-content\\\/uploads\\\/sites\\\/5\\\/2022\\\/12\\\/Power-BI-Praxis-Workshop.jpg\",\"width\":1600,\"height\":900},{\"@type\":\"BreadcrumbList\",\"@id\":\"https:\\\/\\\/lucient.com\\\/de\\\/data-analytics-business-intelligenz\\\/power-bi-praxis-workshop\\\/#breadcrumb\",\"itemListElement\":[{\"@type\":\"ListItem\",\"position\":1,\"name\":\"Home\",\"item\":\"https:\\\/\\\/lucient.com\\\/de\\\/\"},{\"@type\":\"ListItem\",\"position\":2,\"name\":\"Data Analytics und Business intelligence\",\"item\":\"https:\\\/\\\/lucient.com\\\/de\\\/data-analytics-business-intelligenz\\\/\"},{\"@type\":\"ListItem\",\"position\":3,\"name\":\"Power BI Praxis Workshop\"}]},{\"@type\":\"WebSite\",\"@id\":\"https:\\\/\\\/lucient.com\\\/de\\\/#website\",\"url\":\"https:\\\/\\\/lucient.com\\\/de\\\/\",\"name\":\"Lucient - Central Europe\",\"description\":\"Weltweit f\u00fchrende Experten f\u00fcr Data Intelligence\",\"potentialAction\":[{\"@type\":\"SearchAction\",\"target\":{\"@type\":\"EntryPoint\",\"urlTemplate\":\"https:\\\/\\\/lucient.com\\\/de\\\/?s={search_term_string}\"},\"query-input\":{\"@type\":\"PropertyValueSpecification\",\"valueRequired\":true,\"valueName\":\"search_term_string\"}}],\"inLanguage\":\"de\"}]}<\/script>\n<!-- \/ Yoast SEO plugin. -->","yoast_head_json":{"title":"Power BI Praxis Workshop - Self Service BI \u2013 Flexibilit\u00e4t unter Kontrolle","description":"Hier ein \u00dcberblick \u00fcber unsere Leistungen, innerhalb eines Power-BI-Projekts, die Sie einzeln oder im Paket abrufen k\u00f6nnen.","robots":{"index":"index","follow":"follow","max-snippet":"max-snippet:-1","max-image-preview":"max-image-preview:large","max-video-preview":"max-video-preview:-1"},"canonical":"https:\/\/lucient.com\/de\/data-analytics-business-intelligenz\/power-bi-praxis-workshop\/","og_locale":"de_DE","og_type":"article","og_title":"Power BI Praxis Workshop - Self Service BI \u2013 Flexibilit\u00e4t unter Kontrolle","og_description":"Hier ein \u00dcberblick \u00fcber unsere Leistungen, innerhalb eines Power-BI-Projekts, die Sie einzeln oder im Paket abrufen k\u00f6nnen.","og_url":"https:\/\/lucient.com\/de\/data-analytics-business-intelligenz\/power-bi-praxis-workshop\/","og_site_name":"Lucient - Central Europe","article_publisher":"https:\/\/www.facebook.com\/LucientData","article_modified_time":"2022-12-15T15:08:25+00:00","og_image":[{"width":1600,"height":900,"url":"https:\/\/lucient.com\/de\/wp-content\/uploads\/sites\/5\/2022\/12\/Power-BI-Praxis-Workshop.jpg","type":"image\/jpeg"}],"twitter_card":"summary_large_image","twitter_site":"@lucient_data","schema":{"@context":"https:\/\/schema.org","@graph":[{"@type":"WebPage","@id":"https:\/\/lucient.com\/de\/data-analytics-business-intelligenz\/power-bi-praxis-workshop\/","url":"https:\/\/lucient.com\/de\/data-analytics-business-intelligenz\/power-bi-praxis-workshop\/","name":"Power BI Praxis Workshop - Self Service BI \u2013 Flexibilit\u00e4t unter Kontrolle","isPartOf":{"@id":"https:\/\/lucient.com\/de\/#website"},"primaryImageOfPage":{"@id":"https:\/\/lucient.com\/de\/data-analytics-business-intelligenz\/power-bi-praxis-workshop\/#primaryimage"},"image":{"@id":"https:\/\/lucient.com\/de\/data-analytics-business-intelligenz\/power-bi-praxis-workshop\/#primaryimage"},"thumbnailUrl":"https:\/\/lucient.com\/de\/wp-content\/uploads\/sites\/5\/2022\/12\/Power-BI-Praxis-Workshop.jpg","datePublished":"2021-01-19T11:34:41+00:00","dateModified":"2022-12-15T15:08:25+00:00","description":"Hier ein \u00dcberblick \u00fcber unsere Leistungen, innerhalb eines Power-BI-Projekts, die Sie einzeln oder im Paket abrufen k\u00f6nnen.","breadcrumb":{"@id":"https:\/\/lucient.com\/de\/data-analytics-business-intelligenz\/power-bi-praxis-workshop\/#breadcrumb"},"inLanguage":"de","potentialAction":[{"@type":"ReadAction","target":["https:\/\/lucient.com\/de\/data-analytics-business-intelligenz\/power-bi-praxis-workshop\/"]}]},{"@type":"ImageObject","inLanguage":"de","@id":"https:\/\/lucient.com\/de\/data-analytics-business-intelligenz\/power-bi-praxis-workshop\/#primaryimage","url":"https:\/\/lucient.com\/de\/wp-content\/uploads\/sites\/5\/2022\/12\/Power-BI-Praxis-Workshop.jpg","contentUrl":"https:\/\/lucient.com\/de\/wp-content\/uploads\/sites\/5\/2022\/12\/Power-BI-Praxis-Workshop.jpg","width":1600,"height":900},{"@type":"BreadcrumbList","@id":"https:\/\/lucient.com\/de\/data-analytics-business-intelligenz\/power-bi-praxis-workshop\/#breadcrumb","itemListElement":[{"@type":"ListItem","position":1,"name":"Home","item":"https:\/\/lucient.com\/de\/"},{"@type":"ListItem","position":2,"name":"Data Analytics und Business intelligence","item":"https:\/\/lucient.com\/de\/data-analytics-business-intelligenz\/"},{"@type":"ListItem","position":3,"name":"Power BI Praxis Workshop"}]},{"@type":"WebSite","@id":"https:\/\/lucient.com\/de\/#website","url":"https:\/\/lucient.com\/de\/","name":"Lucient - Central Europe","description":"Weltweit f\u00fchrende Experten f\u00fcr Data Intelligence","potentialAction":[{"@type":"SearchAction","target":{"@type":"EntryPoint","urlTemplate":"https:\/\/lucient.com\/de\/?s={search_term_string}"},"query-input":{"@type":"PropertyValueSpecification","valueRequired":true,"valueName":"search_term_string"}}],"inLanguage":"de"}]}},"_links":{"self":[{"href":"https:\/\/lucient.com\/de\/wp-json\/wp\/v2\/pages\/1564","targetHints":{"allow":["GET"]}}],"collection":[{"href":"https:\/\/lucient.com\/de\/wp-json\/wp\/v2\/pages"}],"about":[{"href":"https:\/\/lucient.com\/de\/wp-json\/wp\/v2\/types\/page"}],"author":[{"embeddable":true,"href":"https:\/\/lucient.com\/de\/wp-json\/wp\/v2\/users\/33"}],"replies":[{"embeddable":true,"href":"https:\/\/lucient.com\/de\/wp-json\/wp\/v2\/comments?post=1564"}],"version-history":[{"count":0,"href":"https:\/\/lucient.com\/de\/wp-json\/wp\/v2\/pages\/1564\/revisions"}],"up":[{"embeddable":true,"href":"https:\/\/lucient.com\/de\/wp-json\/wp\/v2\/pages\/129"}],"wp:featuredmedia":[{"embeddable":true,"href":"https:\/\/lucient.com\/de\/wp-json\/wp\/v2\/media\/2132"}],"wp:attachment":[{"href":"https:\/\/lucient.com\/de\/wp-json\/wp\/v2\/media?parent=1564"}],"curies":[{"name":"wp","href":"https:\/\/api.w.org\/{rel}","templated":true}]}}